{"id":12960,"date":"2020-03-17T19:07:03","date_gmt":"2020-03-17T17:07:03","guid":{"rendered":"https:\/\/seitenbunt.com\/produkt\/setof3books\/"},"modified":"2026-02-14T02:53:25","modified_gmt":"2026-02-14T00:53:25","slug":"setof3books","status":"publish","type":"product","link":"https:\/\/seitenbunt.com\/en\/produkt\/setof3books\/","title":{"rendered":"SET of 3 books"},"content":{"rendered":"<h1><span style=\"color: #e14d43;\"><strong><span style=\"font-size: 130%;\">SET of 3 books<\/span><\/strong><\/span><\/h1>\n<ul>\n<li>\n<div class=\"\">Set of 3 blank books with book cover to design<\/div>\n<\/li>\n<li>\n<div class=\"\"><span class=\"JLqJ4b\" data-language-for-alternatives=\"en\" data-language-to-translate-into=\"de\" data-phrase-index=\"1\"><span class=\"JLqJ4b ChMk0b\" data-language-for-alternatives=\"en\" data-language-to-translate-into=\"de\" data-phrase-index=\"2\">12-page premium book with extra thick pages <\/span><\/span><\/div>\n<\/li>\n<li>\n<div class=\"\"><span class=\"JLqJ4b\" data-language-for-alternatives=\"en\" data-language-to-translate-into=\"de\" data-phrase-index=\"1\"><span class=\"JLqJ4b ChMk0b\" data-language-for-alternatives=\"en\" data-language-to-translate-into=\"de\" data-phrase-index=\"2\">Suitable for water colors.<\/span><\/span><\/div>\n<\/li>\n<\/ul>\n<p>&nbsp;<\/p>\n<p>&nbsp;<\/p>\n","protected":false},"excerpt":{"rendered":"<p>Create your own book with the COLORFUL BOOKS.<\/p>\n<p><span class=\"JLqJ4b\" data-language-for-alternatives=\"en\" data-language-to-translate-into=\"de\" data-phrase-index=\"1\"><span class=\"JLqJ4b ChMk0b\" data-language-for-alternatives=\"en\" data-language-to-translate-into=\"de\" data-phrase-index=\"2\">Set of 3 blank books with book cover to design\u00a0<\/span><\/span><\/p>\n<p><span class=\"JLqJ4b\" data-language-for-alternatives=\"en\" data-language-to-translate-into=\"de\" data-phrase-index=\"1\"><span class=\"JLqJ4b ChMk0b\" data-language-for-alternatives=\"en\" data-language-to-translate-into=\"de\" data-phrase-index=\"2\">The perfect gift and souvenir for all children<\/span><\/span><\/p>\n","protected":false},"featured_media":12961,"template":"","meta":{"_monsterinsights_skip_tracking":false,"_monsterinsights_sitenote_active":false,"_monsterinsights_sitenote_note":"","_monsterinsights_sitenote_category":0},"product_brand":[],"product_cat":[146],"product_tag":[],"class_list":{"0":"post-12960","1":"product","2":"type-product","3":"status-publish","4":"has-post-thumbnail","6":"product_cat-look-my-book-en","8":"first","9":"instock","10":"featured","11":"taxable","12":"shipping-taxable","13":"purchasable","14":"product-type-simple"},"yoast_head":"<!-- This site is optimized with the Yoast SEO plugin v27.5 - https:\/\/yoast.com\/product\/yoast-seo-wordpress\/ -->\n<title>Buch selber basteln mit dem Selbstmachbuch von SeitenBUNT<\/title>\n<meta name=\"description\" content=\"Mit dem 3er Set B\u00fccher erh\u00e4lst du ROHLINGE mit Buch Umschlag zum Gestalten, ein 12-Seitiges Premium Buch mit extra dicken Seiten. F\u00fcr Wasserfarben geeignet.\" \/>\n<meta name=\"robots\" content=\"index, follow, max-snippet:-1, max-image-preview:large, max-video-preview:-1\" \/>\n<link rel=\"canonical\" href=\"https:\/\/seitenbunt.com\/en\/produkt\/setof3books\/\" \/>\n<meta property=\"og:locale\" content=\"en_US\" \/>\n<meta property=\"og:type\" content=\"article\" \/>\n<meta property=\"og:title\" content=\"Buch selber basteln mit dem Selbstmachbuch von SeitenBUNT\" \/>\n<meta property=\"og:description\" content=\"Mit dem 3er Set B\u00fccher erh\u00e4lst du ROHLINGE mit Buch Umschlag zum Gestalten, ein 12-Seitiges Premium Buch mit extra dicken Seiten. F\u00fcr Wasserfarben geeignet.\" \/>\n<meta property=\"og:url\" content=\"https:\/\/seitenbunt.com\/en\/produkt\/setof3books\/\" \/>\n<meta property=\"og:site_name\" content=\"seitenbunt\" \/>\n<meta property=\"article:publisher\" content=\"http:\/\/www.facebook.com\/seitenbunt\" \/>\n<meta property=\"article:modified_time\" content=\"2026-02-14T00:53:25+00:00\" \/>\n<meta property=\"og:image\" content=\"https:\/\/seitenbunt.com\/wp-content\/uploads\/2020\/03\/3x_Bastelbuch_01.jpg\" \/>\n\t<meta property=\"og:image:width\" content=\"1920\" \/>\n\t<meta property=\"og:image:height\" content=\"1280\" \/>\n\t<meta property=\"og:image:type\" content=\"image\/jpeg\" \/>\n<meta name=\"twitter:card\" content=\"summary_large_image\" \/>\n<script type=\"application\/ld+json\" class=\"yoast-schema-graph\">{\"@context\":\"https:\\\/\\\/schema.org\",\"@graph\":[{\"@type\":\"WebPage\",\"@id\":\"https:\\\/\\\/seitenbunt.com\\\/en\\\/produkt\\\/setof3books\\\/\",\"url\":\"https:\\\/\\\/seitenbunt.com\\\/en\\\/produkt\\\/setof3books\\\/\",\"name\":\"Buch selber basteln mit dem Selbstmachbuch von SeitenBUNT\",\"isPartOf\":{\"@id\":\"https:\\\/\\\/seitenbunt.com\\\/en\\\/#website\"},\"primaryImageOfPage\":{\"@id\":\"https:\\\/\\\/seitenbunt.com\\\/en\\\/produkt\\\/setof3books\\\/#primaryimage\"},\"image\":{\"@id\":\"https:\\\/\\\/seitenbunt.com\\\/en\\\/produkt\\\/setof3books\\\/#primaryimage\"},\"thumbnailUrl\":\"https:\\\/\\\/seitenbunt.com\\\/wp-content\\\/uploads\\\/2020\\\/03\\\/3x_Bastelbuch_01.jpg\",\"datePublished\":\"2020-03-17T17:07:03+00:00\",\"dateModified\":\"2026-02-14T00:53:25+00:00\",\"description\":\"Mit dem 3er Set B\u00fccher erh\u00e4lst du ROHLINGE mit Buch Umschlag zum Gestalten, ein 12-Seitiges Premium Buch mit extra dicken Seiten. F\u00fcr Wasserfarben geeignet.\",\"breadcrumb\":{\"@id\":\"https:\\\/\\\/seitenbunt.com\\\/en\\\/produkt\\\/setof3books\\\/#breadcrumb\"},\"inLanguage\":\"en-US\",\"potentialAction\":[{\"@type\":\"ReadAction\",\"target\":[\"https:\\\/\\\/seitenbunt.com\\\/en\\\/produkt\\\/setof3books\\\/\"]}]},{\"@type\":\"ImageObject\",\"inLanguage\":\"en-US\",\"@id\":\"https:\\\/\\\/seitenbunt.com\\\/en\\\/produkt\\\/setof3books\\\/#primaryimage\",\"url\":\"https:\\\/\\\/seitenbunt.com\\\/wp-content\\\/uploads\\\/2020\\\/03\\\/3x_Bastelbuch_01.jpg\",\"contentUrl\":\"https:\\\/\\\/seitenbunt.com\\\/wp-content\\\/uploads\\\/2020\\\/03\\\/3x_Bastelbuch_01.jpg\",\"width\":1920,\"height\":1280},{\"@type\":\"BreadcrumbList\",\"@id\":\"https:\\\/\\\/seitenbunt.com\\\/en\\\/produkt\\\/setof3books\\\/#breadcrumb\",\"itemListElement\":[{\"@type\":\"ListItem\",\"position\":1,\"name\":\"Startseite\",\"item\":\"https:\\\/\\\/seitenbunt.com\\\/en\\\/\"},{\"@type\":\"ListItem\",\"position\":2,\"name\":\"Shop\",\"item\":\"https:\\\/\\\/seitenbunt.com\\\/en\\\/shop-2\\\/\"},{\"@type\":\"ListItem\",\"position\":3,\"name\":\"SET of 3 books\"}]},{\"@type\":\"WebSite\",\"@id\":\"https:\\\/\\\/seitenbunt.com\\\/en\\\/#website\",\"url\":\"https:\\\/\\\/seitenbunt.com\\\/en\\\/\",\"name\":\"seitenbunt\",\"description\":\"das kinderleichte selbstmachbuch\",\"publisher\":{\"@id\":\"https:\\\/\\\/seitenbunt.com\\\/en\\\/#organization\"},\"potentialAction\":[{\"@type\":\"SearchAction\",\"target\":{\"@type\":\"EntryPoint\",\"urlTemplate\":\"https:\\\/\\\/seitenbunt.com\\\/en\\\/?s={search_term_string}\"},\"query-input\":{\"@type\":\"PropertyValueSpecification\",\"valueRequired\":true,\"valueName\":\"search_term_string\"}}],\"inLanguage\":\"en-US\"},{\"@type\":\"Organization\",\"@id\":\"https:\\\/\\\/seitenbunt.com\\\/en\\\/#organization\",\"name\":\"seitenbunt GmbH\",\"url\":\"https:\\\/\\\/seitenbunt.com\\\/en\\\/\",\"logo\":{\"@type\":\"ImageObject\",\"inLanguage\":\"en-US\",\"@id\":\"https:\\\/\\\/seitenbunt.com\\\/en\\\/#\\\/schema\\\/logo\\\/image\\\/\",\"url\":\"https:\\\/\\\/seitenbunt.com\\\/wp-content\\\/uploads\\\/2018\\\/02\\\/cropped-Seitenbunt_Logo_ohneclaim.png\",\"contentUrl\":\"https:\\\/\\\/seitenbunt.com\\\/wp-content\\\/uploads\\\/2018\\\/02\\\/cropped-Seitenbunt_Logo_ohneclaim.png\",\"width\":512,\"height\":512,\"caption\":\"seitenbunt GmbH\"},\"image\":{\"@id\":\"https:\\\/\\\/seitenbunt.com\\\/en\\\/#\\\/schema\\\/logo\\\/image\\\/\"},\"sameAs\":[\"http:\\\/\\\/www.facebook.com\\\/seitenbunt\",\"https:\\\/\\\/www.instagram.com\\\/seitenbunt\\\/\",\"https:\\\/\\\/youtu.be\\\/QML52j-eRSE\"]}]}<\/script>\n<!-- \/ Yoast SEO plugin. -->","yoast_head_json":{"title":"Buch selber basteln mit dem Selbstmachbuch von SeitenBUNT","description":"Mit dem 3er Set B\u00fccher erh\u00e4lst du ROHLINGE mit Buch Umschlag zum Gestalten, ein 12-Seitiges Premium Buch mit extra dicken Seiten. F\u00fcr Wasserfarben geeignet.","robots":{"index":"index","follow":"follow","max-snippet":"max-snippet:-1","max-image-preview":"max-image-preview:large","max-video-preview":"max-video-preview:-1"},"canonical":"https:\/\/seitenbunt.com\/en\/produkt\/setof3books\/","og_locale":"en_US","og_type":"article","og_title":"Buch selber basteln mit dem Selbstmachbuch von SeitenBUNT","og_description":"Mit dem 3er Set B\u00fccher erh\u00e4lst du ROHLINGE mit Buch Umschlag zum Gestalten, ein 12-Seitiges Premium Buch mit extra dicken Seiten. F\u00fcr Wasserfarben geeignet.","og_url":"https:\/\/seitenbunt.com\/en\/produkt\/setof3books\/","og_site_name":"seitenbunt","article_publisher":"http:\/\/www.facebook.com\/seitenbunt","article_modified_time":"2026-02-14T00:53:25+00:00","og_image":[{"width":1920,"height":1280,"url":"https:\/\/seitenbunt.com\/wp-content\/uploads\/2020\/03\/3x_Bastelbuch_01.jpg","type":"image\/jpeg"}],"twitter_card":"summary_large_image","schema":{"@context":"https:\/\/schema.org","@graph":[{"@type":"WebPage","@id":"https:\/\/seitenbunt.com\/en\/produkt\/setof3books\/","url":"https:\/\/seitenbunt.com\/en\/produkt\/setof3books\/","name":"Buch selber basteln mit dem Selbstmachbuch von SeitenBUNT","isPartOf":{"@id":"https:\/\/seitenbunt.com\/en\/#website"},"primaryImageOfPage":{"@id":"https:\/\/seitenbunt.com\/en\/produkt\/setof3books\/#primaryimage"},"image":{"@id":"https:\/\/seitenbunt.com\/en\/produkt\/setof3books\/#primaryimage"},"thumbnailUrl":"https:\/\/seitenbunt.com\/wp-content\/uploads\/2020\/03\/3x_Bastelbuch_01.jpg","datePublished":"2020-03-17T17:07:03+00:00","dateModified":"2026-02-14T00:53:25+00:00","description":"Mit dem 3er Set B\u00fccher erh\u00e4lst du ROHLINGE mit Buch Umschlag zum Gestalten, ein 12-Seitiges Premium Buch mit extra dicken Seiten. F\u00fcr Wasserfarben geeignet.","breadcrumb":{"@id":"https:\/\/seitenbunt.com\/en\/produkt\/setof3books\/#breadcrumb"},"inLanguage":"en-US","potentialAction":[{"@type":"ReadAction","target":["https:\/\/seitenbunt.com\/en\/produkt\/setof3books\/"]}]},{"@type":"ImageObject","inLanguage":"en-US","@id":"https:\/\/seitenbunt.com\/en\/produkt\/setof3books\/#primaryimage","url":"https:\/\/seitenbunt.com\/wp-content\/uploads\/2020\/03\/3x_Bastelbuch_01.jpg","contentUrl":"https:\/\/seitenbunt.com\/wp-content\/uploads\/2020\/03\/3x_Bastelbuch_01.jpg","width":1920,"height":1280},{"@type":"BreadcrumbList","@id":"https:\/\/seitenbunt.com\/en\/produkt\/setof3books\/#breadcrumb","itemListElement":[{"@type":"ListItem","position":1,"name":"Startseite","item":"https:\/\/seitenbunt.com\/en\/"},{"@type":"ListItem","position":2,"name":"Shop","item":"https:\/\/seitenbunt.com\/en\/shop-2\/"},{"@type":"ListItem","position":3,"name":"SET of 3 books"}]},{"@type":"WebSite","@id":"https:\/\/seitenbunt.com\/en\/#website","url":"https:\/\/seitenbunt.com\/en\/","name":"seitenbunt","description":"das kinderleichte selbstmachbuch","publisher":{"@id":"https:\/\/seitenbunt.com\/en\/#organization"},"potentialAction":[{"@type":"SearchAction","target":{"@type":"EntryPoint","urlTemplate":"https:\/\/seitenbunt.com\/en\/?s={search_term_string}"},"query-input":{"@type":"PropertyValueSpecification","valueRequired":true,"valueName":"search_term_string"}}],"inLanguage":"en-US"},{"@type":"Organization","@id":"https:\/\/seitenbunt.com\/en\/#organization","name":"seitenbunt GmbH","url":"https:\/\/seitenbunt.com\/en\/","logo":{"@type":"ImageObject","inLanguage":"en-US","@id":"https:\/\/seitenbunt.com\/en\/#\/schema\/logo\/image\/","url":"https:\/\/seitenbunt.com\/wp-content\/uploads\/2018\/02\/cropped-Seitenbunt_Logo_ohneclaim.png","contentUrl":"https:\/\/seitenbunt.com\/wp-content\/uploads\/2018\/02\/cropped-Seitenbunt_Logo_ohneclaim.png","width":512,"height":512,"caption":"seitenbunt GmbH"},"image":{"@id":"https:\/\/seitenbunt.com\/en\/#\/schema\/logo\/image\/"},"sameAs":["http:\/\/www.facebook.com\/seitenbunt","https:\/\/www.instagram.com\/seitenbunt\/","https:\/\/youtu.be\/QML52j-eRSE"]}]}},"_links":{"self":[{"href":"https:\/\/seitenbunt.com\/en\/wp-json\/wp\/v2\/product\/12960","targetHints":{"allow":["GET"]}}],"collection":[{"href":"https:\/\/seitenbunt.com\/en\/wp-json\/wp\/v2\/product"}],"about":[{"href":"https:\/\/seitenbunt.com\/en\/wp-json\/wp\/v2\/types\/product"}],"wp:featuredmedia":[{"embeddable":true,"href":"https:\/\/seitenbunt.com\/en\/wp-json\/wp\/v2\/media\/12961"}],"wp:attachment":[{"href":"https:\/\/seitenbunt.com\/en\/wp-json\/wp\/v2\/media?parent=12960"}],"wp:term":[{"taxonomy":"product_brand","embeddable":true,"href":"https:\/\/seitenbunt.com\/en\/wp-json\/wp\/v2\/product_brand?post=12960"},{"taxonomy":"product_cat","embeddable":true,"href":"https:\/\/seitenbunt.com\/en\/wp-json\/wp\/v2\/product_cat?post=12960"},{"taxonomy":"product_tag","embeddable":true,"href":"https:\/\/seitenbunt.com\/en\/wp-json\/wp\/v2\/product_tag?post=12960"}],"curies":[{"name":"wp","href":"https:\/\/api.w.org\/{rel}","templated":true}]}}