{"id":13021,"date":"2020-10-23T14:36:40","date_gmt":"2020-10-23T12:36:40","guid":{"rendered":"https:\/\/seitenbunt.com\/?page_id=13021"},"modified":"2020-11-10T15:18:28","modified_gmt":"2020-11-10T13:18:28","slug":"firmen","status":"publish","type":"page","link":"https:\/\/seitenbunt.com\/en\/firmen\/","title":{"rendered":"B2B"},"content":{"rendered":"\n  <div class=\"banner has-hover hide-for-medium\" id=\"banner-351325780\">\n          <div class=\"banner-inner fill\">\n        <div class=\"banner-bg fill\" >\n            <img loading=\"lazy\" decoding=\"async\" width=\"4551\" height=\"1423\" src=\"https:\/\/seitenbunt.com\/wp-content\/uploads\/2019\/10\/seitenbunt_banner_firmen.jpg\" class=\"bg attachment-original size-original\" alt=\"\" \/>                                    \n                    <\/div>\n\t\t\n        <div class=\"banner-layers container\">\n            <div class=\"fill banner-link\"><\/div>            \n   <div id=\"text-box-391050684\" class=\"text-box banner-layer x0 md-x0 lg-x0 y5 md-y5 lg-y5 res-text\">\n                                <div class=\"text-box-content text \">\n              \n              <div class=\"text-inner text-left\">\n                  \n<h1 class=\"uppercase\"><span style=\"color: #f15c5c;\"><strong>LOOKMYBOOK &#8211;<br \/>YOUR Merchandise<\/strong><\/span><\/h1>\n<p id=\"tw-target-text\" class=\"tw-data-text tw-text-large XcVN5d tw-ta\" dir=\"ltr\" data-placeholder=\"\u00dcbersetzung\"><span lang=\"en\">With the do-it-yourself book from LOOKMYBOOK you are gifting creative joy not only to children but also their parents. Your company is represented longer than a bouquet of flowers, a wine or chocolates &#8211; a sustainable gift in more than one way.<\/span><\/p>\n              <\/div>\n           <\/div>\n                            \n<style>\n#text-box-391050684 {\n  width: 60%;\n}\n#text-box-391050684 .text-box-content {\n  font-size: 101%;\n}\n@media (min-width:550px) {\n  #text-box-391050684 {\n    width: 60%;\n  }\n}\n<\/style>\n    <\/div>\n \n        <\/div>\n      <\/div>\n\n            \n<style>\n#banner-351325780 {\n  padding-top: 425px;\n  background-color: rgb(255,255,255);\n}\n<\/style>\n  <\/div>\n\n\n\n  <div class=\"banner has-hover show-for-medium hide-for-small\" id=\"banner-590103003\">\n          <div class=\"banner-inner fill\">\n        <div class=\"banner-bg fill\" >\n            <img loading=\"lazy\" decoding=\"async\" width=\"4551\" height=\"1423\" src=\"https:\/\/seitenbunt.com\/wp-content\/uploads\/2019\/10\/seitenbunt_banner_firmen.jpg\" class=\"bg attachment-original size-original\" alt=\"\" \/>                                    \n                    <\/div>\n\t\t\n        <div class=\"banner-layers container\">\n            <div class=\"fill banner-link\"><\/div>            \n   <div id=\"text-box-198873284\" class=\"text-box banner-layer x5 md-x5 lg-x0 y5 md-y5 lg-y5 res-text\">\n                                <div class=\"text-box-content text \">\n              \n              <div class=\"text-inner text-left\">\n                  \n<h1 class=\"uppercase\"><span style=\"color: #f15c5c;\"><strong>SeitenbunT &#8211;<br \/>\nIhr Merchandise<\/strong><\/span><\/h1>\n<p>Mit dem Selbstmachbuch von SEITENBUNT verschenken\u00a0Sie nicht nur an die Kinder kreative Freude sondern auch\u00a0f\u00fcr deren Eltern. Ihr Unternehmen ist damit l\u00e4nger pr\u00e4sent\u00a0als z. B. ein Blumenstrauss, ein Wein oder Pralinen \u2013\u00a0Ein nachhaltiges Geschenk in doppelter Hinsicht.<\/p>\n              <\/div>\n           <\/div>\n                            \n<style>\n#text-box-198873284 {\n  width: 60%;\n}\n#text-box-198873284 .text-box-content {\n  font-size: 101%;\n}\n@media (min-width:550px) {\n  #text-box-198873284 {\n    width: 66%;\n  }\n}\n@media (min-width:850px) {\n  #text-box-198873284 {\n    width: 60%;\n  }\n}\n<\/style>\n    <\/div>\n \n        <\/div>\n      <\/div>\n\n            \n<style>\n#banner-590103003 {\n  padding-top: 376px;\n  background-color: rgb(255,255,255);\n}\n@media (min-width:850px) {\n  #banner-590103003 {\n    padding-top: 425px;\n  }\n}\n<\/style>\n  <\/div>\n\n\n\n  <div class=\"banner has-hover show-for-small\" id=\"banner-1329291275\">\n          <div class=\"banner-inner fill\">\n        <div class=\"banner-bg fill\" >\n            <img loading=\"lazy\" decoding=\"async\" width=\"4551\" height=\"1423\" src=\"https:\/\/seitenbunt.com\/wp-content\/uploads\/2019\/10\/seitenbunt_banner_firmen.jpg\" class=\"bg attachment-original size-original\" alt=\"\" \/>                                    \n\t<div class=\"is-border\"\n\t\tstyle=\"border-width:0px 0px 0px 0px;margin:0px 0px 1px 0px;\">\n\t<\/div>\n                    <\/div>\n\t\t\n        <div class=\"banner-layers container\">\n            <div class=\"fill banner-link\"><\/div>            \n   <div id=\"text-box-1501687790\" class=\"text-box banner-layer x0 md-x0 lg-x0 y5 md-y5 lg-y5 res-text\">\n                                <div class=\"text-box-content text \">\n              \n              <div class=\"text-inner text-left\">\n                  \n<h2 class=\"uppercase\"><span style=\"color: #f15c5c;\"><strong>SeitenbunT &#8211;<br \/>\nIhr<br \/>\nMerchandise<\/strong><\/span><\/h2>\n<p>&nbsp;<\/p>\n<p>&nbsp;<\/p>\n              <\/div>\n           <\/div>\n                            \n<style>\n#text-box-1501687790 {\n  width: 100%;\n}\n#text-box-1501687790 .text-box-content {\n  font-size: 101%;\n}\n@media (min-width:550px) {\n  #text-box-1501687790 {\n    width: 60%;\n  }\n}\n<\/style>\n    <\/div>\n \n        <\/div>\n      <\/div>\n\n            \n<style>\n#banner-1329291275 {\n  padding-top: 162px;\n  background-color: rgb(255,255,255);\n}\n@media (min-width:550px) {\n  #banner-1329291275 {\n    padding-top: 425px;\n  }\n}\n<\/style>\n  <\/div>\n\n\n\n  <div class=\"banner has-hover show-for-small\" id=\"banner-1758297031\">\n          <div class=\"banner-inner fill\">\n        <div class=\"banner-bg fill\" >\n                                                \n\t<div class=\"is-border\"\n\t\tstyle=\"border-width:0px 0px 0px 0px;margin:0px 0px 1px 0px;\">\n\t<\/div>\n                    <\/div>\n\t\t\n        <div class=\"banner-layers container\">\n            <div class=\"fill banner-link\"><\/div>            \n   <div id=\"text-box-1993757531\" class=\"text-box banner-layer x0 md-x0 lg-x0 y5 md-y5 lg-y5 res-text\">\n                                <div class=\"text-box-content text \">\n              \n              <div class=\"text-inner text-left\">\n                  \n<p><span style=\"font-size: 105%;\">With the do-it-yourself book from LOOKMYBOOK you are gifting creative joy not only to children but also their parents. Your company is represented longer than a bouquet of flowers, a wine or chocolates \u2013 a sustainable gift in more than one way.<\/span><\/p>\n              <\/div>\n           <\/div>\n                            \n<style>\n#text-box-1993757531 {\n  width: 100%;\n}\n#text-box-1993757531 .text-box-content {\n  font-size: 101%;\n}\n@media (min-width:550px) {\n  #text-box-1993757531 {\n    width: 60%;\n  }\n}\n<\/style>\n    <\/div>\n \n        <\/div>\n      <\/div>\n\n            \n<style>\n#banner-1758297031 {\n  padding-top: 111px;\n  background-color: rgb(255,255,255);\n}\n@media (min-width:550px) {\n  #banner-1758297031 {\n    padding-top: 425px;\n  }\n}\n<\/style>\n  <\/div>\n\n\n\n\t<section class=\"section hide-for-medium\" id=\"section_1671945016\">\n\t\t<div class=\"section-bg fill\" >\n\t\t\t\t\t\t\t\t\t\n\t\t\t\n\n\t\t<\/div>\n\n\t\t\n\n\t\t<div class=\"section-content relative\">\n\t\t\t\n<h1><span style=\"font-size: 140%;\">We brand our products for your company.<\/span><\/h1>\n\t\t<\/div>\n\n\t\t\n<style>\n#section_1671945016 {\n  padding-top: 30px;\n  padding-bottom: 30px;\n}\n<\/style>\n\t<\/section>\n\t\n\n\t<section class=\"section show-for-medium hide-for-small\" id=\"section_385009483\">\n\t\t<div class=\"section-bg fill\" >\n\t\t\t\t\t\t\t\t\t\n\t\t\t\n\n\t\t<\/div>\n\n\t\t\n\n\t\t<div class=\"section-content relative\">\n\t\t\t\n<h1><span style=\"font-size: 140%;\">Wir branden die Verpackungen f\u00fcr Ihr Unternehmen.<\/span><\/h1>\n\t\t<\/div>\n\n\t\t\n<style>\n#section_385009483 {\n  padding-top: 30px;\n  padding-bottom: 30px;\n}\n<\/style>\n\t<\/section>\n\t\n\n\t<section class=\"section show-for-small\" id=\"section_433427303\">\n\t\t<div class=\"section-bg fill\" >\n\t\t\t\t\t\t\t\t\t\n\t\t\t\n\n\t\t<\/div>\n\n\t\t\n\n\t\t<div class=\"section-content relative\">\n\t\t\t\n<h1><span style=\"font-size: 140%;\">We brand our products for your company.<\/span><\/h1>\n\t\t<\/div>\n\n\t\t\n<style>\n#section_433427303 {\n  padding-top: 19px;\n  padding-bottom: 19px;\n}\n@media (min-width:550px) {\n  #section_433427303 {\n    padding-top: 30px;\n    padding-bottom: 30px;\n  }\n}\n<\/style>\n\t<\/section>\n\t\n<div class=\"row\"  id=\"row-554639499\">\n\n\t<div id=\"col-1142735179\" class=\"col medium-6 small-12 large-6\"  >\n\t\t\t\t<div class=\"col-inner\"  >\n\t\t\t\n\t\t\t\n<h2><span style=\"font-size: 140%; color: #f15c5c;\"><strong>QUICK + EASY<\/strong><\/span><\/h2>\n<p>Branding with your logo! Examples:<\/p>\n\t<div class=\"img has-hover x md-x lg-x y md-y lg-y\" id=\"image_266328920\">\n\t\t\t\t\t\t\t\t<div class=\"img-inner dark\" >\n\t\t\t<img loading=\"lazy\" decoding=\"async\" width=\"1020\" height=\"680\" src=\"https:\/\/seitenbunt.com\/wp-content\/uploads\/2019\/10\/Seitenbunt_schulstart_VR_Bank-1200x800.jpg\" class=\"attachment-large size-large\" alt=\"\" srcset=\"https:\/\/seitenbunt.com\/wp-content\/uploads\/2019\/10\/Seitenbunt_schulstart_VR_Bank-1200x800.jpg 1200w, https:\/\/seitenbunt.com\/wp-content\/uploads\/2019\/10\/Seitenbunt_schulstart_VR_Bank-600x400.jpg 600w, https:\/\/seitenbunt.com\/wp-content\/uploads\/2019\/10\/Seitenbunt_schulstart_VR_Bank-768x512.jpg 768w, https:\/\/seitenbunt.com\/wp-content\/uploads\/2019\/10\/Seitenbunt_schulstart_VR_Bank-510x340.jpg 510w\" sizes=\"auto, (max-width: 1020px) 100vw, 1020px\" \/>\t\t\t\t\t\t\n\t\t\t\t\t<\/div>\n\t\t\t\t\t\t\t\t\n<style>\n#image_266328920 {\n  width: 100%;\n}\n<\/style>\n\t<\/div>\n\t\n\t\t<\/div>\n\t\t\t\t\t<\/div>\n\n\t\n\n\t<div id=\"col-1226646132\" class=\"col medium-6 small-12 large-6\"  >\n\t\t\t\t<div class=\"col-inner\"  >\n\t\t\t\n\t\t\t\n<h2><span style=\"font-size: 140%; color: #f15c5c;\"><strong>GIVE-AWAY<\/strong><\/span><\/h2>\n<p>Small packages with mixing and matching of our individual contents. Examples:<\/p>\n\t<div class=\"img has-hover x md-x lg-x y md-y lg-y\" id=\"image_304750272\">\n\t\t\t\t\t\t\t\t<div class=\"img-inner dark\" >\n\t\t\t<img loading=\"lazy\" decoding=\"async\" width=\"1020\" height=\"680\" src=\"https:\/\/seitenbunt.com\/wp-content\/uploads\/2019\/10\/Seitenbunt_give_away_picture-1200x800.jpg\" class=\"attachment-large size-large\" alt=\"\" srcset=\"https:\/\/seitenbunt.com\/wp-content\/uploads\/2019\/10\/Seitenbunt_give_away_picture-1200x800.jpg 1200w, https:\/\/seitenbunt.com\/wp-content\/uploads\/2019\/10\/Seitenbunt_give_away_picture-600x400.jpg 600w, https:\/\/seitenbunt.com\/wp-content\/uploads\/2019\/10\/Seitenbunt_give_away_picture-768x512.jpg 768w, https:\/\/seitenbunt.com\/wp-content\/uploads\/2019\/10\/Seitenbunt_give_away_picture-510x340.jpg 510w\" sizes=\"auto, (max-width: 1020px) 100vw, 1020px\" \/>\t\t\t\t\t\t\n\t\t\t\t\t<\/div>\n\t\t\t\t\t\t\t\t\n<style>\n#image_304750272 {\n  width: 100%;\n}\n<\/style>\n\t<\/div>\n\t\n\t<div class=\"img has-hover x md-x lg-x y md-y lg-y\" id=\"image_744187080\">\n\t\t\t\t\t\t\t\t<div class=\"img-inner dark\" >\n\t\t\t\t\t\t\t\t\t\n\t\t\t\t\t<\/div>\n\t\t\t\t\t\t\t\t\n<style>\n#image_744187080 {\n  width: 100%;\n}\n<\/style>\n\t<\/div>\n\t\n\t\t<\/div>\n\t\t\t\t\t<\/div>\n\n\t\n<\/div>\n<div class=\"row\"  id=\"row-1356085449\">\n\n\t<div id=\"col-1962011647\" class=\"col medium-6 small-12 large-6\"  >\n\t\t\t\t<div class=\"col-inner\"  >\n\t\t\t\n\t\t\t\n<h2><span style=\"font-size: 140%; color: #f15c5c;\"><strong>INDIVIDUAL MERCHANDISE EDITION<\/strong><\/span><\/h2>\n<p>Your completely individual product.\u00a0Examples:<\/p>\n\t\t<\/div>\n\t\t\t\t\n<style>\n#col-1962011647 > .col-inner {\n  padding: 0px 0px 0px 0px;\n  margin: 0px 0px -33px 0px;\n}\n<\/style>\n\t<\/div>\n\n\t\n<\/div>\n<div class=\"row\"  id=\"row-862023412\">\n\n\t<div id=\"col-915413770\" class=\"col medium-6 small-12 large-6\"  >\n\t\t\t\t<div class=\"col-inner\"  >\n\t\t\t\n\t\t\t\n\t<div class=\"img has-hover x md-x lg-x y md-y lg-y\" id=\"image_243991370\">\n\t\t\t\t\t\t\t\t<div class=\"img-inner dark\" >\n\t\t\t<img loading=\"lazy\" decoding=\"async\" width=\"1020\" height=\"680\" src=\"https:\/\/seitenbunt.com\/wp-content\/uploads\/2019\/10\/Seitenbunt_ellmis_zauberwelt-1200x800.jpg\" class=\"attachment-large size-large\" alt=\"\" srcset=\"https:\/\/seitenbunt.com\/wp-content\/uploads\/2019\/10\/Seitenbunt_ellmis_zauberwelt-1200x800.jpg 1200w, https:\/\/seitenbunt.com\/wp-content\/uploads\/2019\/10\/Seitenbunt_ellmis_zauberwelt-600x400.jpg 600w, https:\/\/seitenbunt.com\/wp-content\/uploads\/2019\/10\/Seitenbunt_ellmis_zauberwelt-768x512.jpg 768w, https:\/\/seitenbunt.com\/wp-content\/uploads\/2019\/10\/Seitenbunt_ellmis_zauberwelt-510x340.jpg 510w, https:\/\/seitenbunt.com\/wp-content\/uploads\/2019\/10\/Seitenbunt_ellmis_zauberwelt.jpg 2016w\" sizes=\"auto, (max-width: 1020px) 100vw, 1020px\" \/>\t\t\t\t\t\t\n\t\t\t\t\t<\/div>\n\t\t\t\t\t\t\t\t\n<style>\n#image_243991370 {\n  width: 100%;\n}\n<\/style>\n\t<\/div>\n\t\n<h4><strong><span style=\"font-size: 110%;\"><em>Ellmi\u00b4s Magical World <\/em><\/span><\/strong><\/h4>\n\t\t<\/div>\n\t\t\t\t\t<\/div>\n\n\t\n\n\t<div id=\"col-499362732\" class=\"col medium-6 small-12 large-6\"  >\n\t\t\t\t<div class=\"col-inner\"  >\n\t\t\t\n\t\t\t\n\t<div class=\"img has-hover x md-x lg-x y md-y lg-y\" id=\"image_899817992\">\n\t\t\t\t\t\t\t\t<div class=\"img-inner dark\" >\n\t\t\t<img loading=\"lazy\" decoding=\"async\" width=\"1020\" height=\"680\" src=\"https:\/\/seitenbunt.com\/wp-content\/uploads\/2019\/10\/Seitenbunt_natur_im_garten-1200x800.jpg\" class=\"attachment-large size-large\" alt=\"\" srcset=\"https:\/\/seitenbunt.com\/wp-content\/uploads\/2019\/10\/Seitenbunt_natur_im_garten-1200x800.jpg 1200w, https:\/\/seitenbunt.com\/wp-content\/uploads\/2019\/10\/Seitenbunt_natur_im_garten-600x400.jpg 600w, https:\/\/seitenbunt.com\/wp-content\/uploads\/2019\/10\/Seitenbunt_natur_im_garten-768x512.jpg 768w, https:\/\/seitenbunt.com\/wp-content\/uploads\/2019\/10\/Seitenbunt_natur_im_garten-510x340.jpg 510w\" sizes=\"auto, (max-width: 1020px) 100vw, 1020px\" \/>\t\t\t\t\t\t\n\t\t\t\t\t<\/div>\n\t\t\t\t\t\t\t\t\n<style>\n#image_899817992 {\n  width: 100%;\n}\n<\/style>\n\t<\/div>\n\t\n<h4><span style=\"font-size: 110%;\"><em>Nature In The Garden Company<\/em><\/span><\/h4>\n\t\t<\/div>\n\t\t\t\t\t<\/div>\n\n\t\n<\/div>\n\t<div id=\"gap-1374320512\" class=\"gap-element clearfix\" style=\"display:block; height:auto;\">\n\t\t\n<style>\n#gap-1374320512 {\n  padding-top: 56px;\n}\n<\/style>\n\t<\/div>\n\t\n<h1>Drop your individual demand directly to: gloria@seitenbunt.com<\/h1>\n\t<div class=\"img has-hover x md-x lg-x y md-y lg-y\" id=\"image_1869938153\">\n\t\t\t\t\t\t\t\t<div class=\"img-inner dark\" >\n\t\t\t<img loading=\"lazy\" decoding=\"async\" width=\"596\" height=\"397\" src=\"https:\/\/seitenbunt.com\/wp-content\/uploads\/2018\/04\/selbstmachbuch_gruenderin.jpg\" class=\"attachment-original size-original\" alt=\"Selbstmachbuch dein eigenes Buch\" srcset=\"https:\/\/seitenbunt.com\/wp-content\/uploads\/2018\/04\/selbstmachbuch_gruenderin.jpg 596w, https:\/\/seitenbunt.com\/wp-content\/uploads\/2018\/04\/selbstmachbuch_gruenderin-510x340.jpg 510w\" sizes=\"auto, (max-width: 596px) 100vw, 596px\" \/>\t\t\t\t\t\t\n\t\t\t\t\t<\/div>\n\t\t\t\t\t\t\t\t\n<style>\n#image_1869938153 {\n  width: 97%;\n}\n@media (min-width:550px) {\n  #image_1869938153 {\n    width: 44%;\n  }\n}\n<\/style>\n\t<\/div>\n\t\n<a href=\"https:\/\/seitenbunt.com\/ueber-mich\/\" class=\"button success is-outline\" >\n\t\t<span>ABOUT ME<\/span>\n\t<\/a>\n\n<a href=\"https:\/\/seitenbunt.com\/kontakt\/\" class=\"button secondary\" >\n\t\t<span>DROP YOUR DEMAND<\/span>\n\t<i class=\"icon-heart\" aria-hidden=\"true\"><\/i><\/a>\n\n","protected":false},"excerpt":{"rendered":"<p>Drop your individual demand directly to: gloria@seitenbunt.com<\/p>\n","protected":false},"author":1,"featured_media":13016,"parent":0,"menu_order":500,"comment_status":"closed","ping_status":"closed","template":"","meta":{"_monsterinsights_skip_tracking":false,"_monsterinsights_sitenote_active":false,"_monsterinsights_sitenote_note":"","_monsterinsights_sitenote_category":0,"footnotes":""},"class_list":["post-13021","page","type-page","status-publish","has-post-thumbnail","hentry"],"yoast_head":"<!-- This site is optimized with the Yoast SEO plugin v27.5 - https:\/\/yoast.com\/product\/yoast-seo-wordpress\/ -->\n<title>B2B - seitenbunt<\/title>\n<meta name=\"robots\" content=\"index, follow, max-snippet:-1, max-image-preview:large, max-video-preview:-1\" \/>\n<link rel=\"canonical\" href=\"https:\/\/seitenbunt.com\/en\/firmen\/\" \/>\n<meta property=\"og:locale\" content=\"en_US\" \/>\n<meta property=\"og:type\" content=\"article\" \/>\n<meta property=\"og:title\" content=\"B2B - seitenbunt\" \/>\n<meta property=\"og:description\" content=\"Drop your individual demand directly to: gloria@seitenbunt.com\" \/>\n<meta property=\"og:url\" content=\"https:\/\/seitenbunt.com\/en\/firmen\/\" \/>\n<meta property=\"og:site_name\" content=\"seitenbunt\" \/>\n<meta property=\"article:publisher\" content=\"http:\/\/www.facebook.com\/seitenbunt\" \/>\n<meta property=\"article:modified_time\" content=\"2020-11-10T13:18:28+00:00\" \/>\n<meta property=\"og:image\" content=\"https:\/\/seitenbunt.com\/wp-content\/uploads\/2018\/04\/selbstmachbuch_gruenderin.jpg\" \/>\n\t<meta property=\"og:image:width\" content=\"596\" \/>\n\t<meta property=\"og:image:height\" content=\"397\" \/>\n\t<meta property=\"og:image:type\" content=\"image\/jpeg\" \/>\n<meta name=\"twitter:card\" content=\"summary_large_image\" \/>\n<meta name=\"twitter:label1\" content=\"Est. reading time\" \/>\n\t<meta name=\"twitter:data1\" content=\"2 minutes\" \/>\n<script type=\"application\/ld+json\" class=\"yoast-schema-graph\">{\"@context\":\"https:\\\/\\\/schema.org\",\"@graph\":[{\"@type\":\"WebPage\",\"@id\":\"https:\\\/\\\/seitenbunt.com\\\/en\\\/firmen\\\/\",\"url\":\"https:\\\/\\\/seitenbunt.com\\\/en\\\/firmen\\\/\",\"name\":\"B2B - seitenbunt\",\"isPartOf\":{\"@id\":\"https:\\\/\\\/seitenbunt.com\\\/en\\\/#website\"},\"primaryImageOfPage\":{\"@id\":\"https:\\\/\\\/seitenbunt.com\\\/en\\\/firmen\\\/#primaryimage\"},\"image\":{\"@id\":\"https:\\\/\\\/seitenbunt.com\\\/en\\\/firmen\\\/#primaryimage\"},\"thumbnailUrl\":\"https:\\\/\\\/seitenbunt.com\\\/wp-content\\\/uploads\\\/2018\\\/04\\\/selbstmachbuch_gruenderin.jpg\",\"datePublished\":\"2020-10-23T12:36:40+00:00\",\"dateModified\":\"2020-11-10T13:18:28+00:00\",\"breadcrumb\":{\"@id\":\"https:\\\/\\\/seitenbunt.com\\\/en\\\/firmen\\\/#breadcrumb\"},\"inLanguage\":\"en-US\",\"potentialAction\":[{\"@type\":\"ReadAction\",\"target\":[\"https:\\\/\\\/seitenbunt.com\\\/en\\\/firmen\\\/\"]}]},{\"@type\":\"ImageObject\",\"inLanguage\":\"en-US\",\"@id\":\"https:\\\/\\\/seitenbunt.com\\\/en\\\/firmen\\\/#primaryimage\",\"url\":\"https:\\\/\\\/seitenbunt.com\\\/wp-content\\\/uploads\\\/2018\\\/04\\\/selbstmachbuch_gruenderin.jpg\",\"contentUrl\":\"https:\\\/\\\/seitenbunt.com\\\/wp-content\\\/uploads\\\/2018\\\/04\\\/selbstmachbuch_gruenderin.jpg\",\"width\":596,\"height\":397,\"caption\":\"Das kinderleichte Selbstmachbuch. Dein eigenes Buch. Einfach von dir gemacht.\"},{\"@type\":\"BreadcrumbList\",\"@id\":\"https:\\\/\\\/seitenbunt.com\\\/en\\\/firmen\\\/#breadcrumb\",\"itemListElement\":[{\"@type\":\"ListItem\",\"position\":1,\"name\":\"Startseite\",\"item\":\"https:\\\/\\\/seitenbunt.com\\\/en\\\/\"},{\"@type\":\"ListItem\",\"position\":2,\"name\":\"B2B\"}]},{\"@type\":\"WebSite\",\"@id\":\"https:\\\/\\\/seitenbunt.com\\\/en\\\/#website\",\"url\":\"https:\\\/\\\/seitenbunt.com\\\/en\\\/\",\"name\":\"seitenbunt\",\"description\":\"das kinderleichte selbstmachbuch\",\"publisher\":{\"@id\":\"https:\\\/\\\/seitenbunt.com\\\/en\\\/#organization\"},\"potentialAction\":[{\"@type\":\"SearchAction\",\"target\":{\"@type\":\"EntryPoint\",\"urlTemplate\":\"https:\\\/\\\/seitenbunt.com\\\/en\\\/?s={search_term_string}\"},\"query-input\":{\"@type\":\"PropertyValueSpecification\",\"valueRequired\":true,\"valueName\":\"search_term_string\"}}],\"inLanguage\":\"en-US\"},{\"@type\":\"Organization\",\"@id\":\"https:\\\/\\\/seitenbunt.com\\\/en\\\/#organization\",\"name\":\"seitenbunt GmbH\",\"url\":\"https:\\\/\\\/seitenbunt.com\\\/en\\\/\",\"logo\":{\"@type\":\"ImageObject\",\"inLanguage\":\"en-US\",\"@id\":\"https:\\\/\\\/seitenbunt.com\\\/en\\\/#\\\/schema\\\/logo\\\/image\\\/\",\"url\":\"https:\\\/\\\/seitenbunt.com\\\/wp-content\\\/uploads\\\/2018\\\/02\\\/cropped-Seitenbunt_Logo_ohneclaim.png\",\"contentUrl\":\"https:\\\/\\\/seitenbunt.com\\\/wp-content\\\/uploads\\\/2018\\\/02\\\/cropped-Seitenbunt_Logo_ohneclaim.png\",\"width\":512,\"height\":512,\"caption\":\"seitenbunt GmbH\"},\"image\":{\"@id\":\"https:\\\/\\\/seitenbunt.com\\\/en\\\/#\\\/schema\\\/logo\\\/image\\\/\"},\"sameAs\":[\"http:\\\/\\\/www.facebook.com\\\/seitenbunt\",\"https:\\\/\\\/www.instagram.com\\\/seitenbunt\\\/\",\"https:\\\/\\\/youtu.be\\\/QML52j-eRSE\"]}]}<\/script>\n<!-- \/ Yoast SEO plugin. -->","yoast_head_json":{"title":"B2B - seitenbunt","robots":{"index":"index","follow":"follow","max-snippet":"max-snippet:-1","max-image-preview":"max-image-preview:large","max-video-preview":"max-video-preview:-1"},"canonical":"https:\/\/seitenbunt.com\/en\/firmen\/","og_locale":"en_US","og_type":"article","og_title":"B2B - seitenbunt","og_description":"Drop your individual demand directly to: gloria@seitenbunt.com","og_url":"https:\/\/seitenbunt.com\/en\/firmen\/","og_site_name":"seitenbunt","article_publisher":"http:\/\/www.facebook.com\/seitenbunt","article_modified_time":"2020-11-10T13:18:28+00:00","og_image":[{"width":596,"height":397,"url":"https:\/\/seitenbunt.com\/wp-content\/uploads\/2018\/04\/selbstmachbuch_gruenderin.jpg","type":"image\/jpeg"}],"twitter_card":"summary_large_image","twitter_misc":{"Est. reading time":"2 minutes"},"schema":{"@context":"https:\/\/schema.org","@graph":[{"@type":"WebPage","@id":"https:\/\/seitenbunt.com\/en\/firmen\/","url":"https:\/\/seitenbunt.com\/en\/firmen\/","name":"B2B - seitenbunt","isPartOf":{"@id":"https:\/\/seitenbunt.com\/en\/#website"},"primaryImageOfPage":{"@id":"https:\/\/seitenbunt.com\/en\/firmen\/#primaryimage"},"image":{"@id":"https:\/\/seitenbunt.com\/en\/firmen\/#primaryimage"},"thumbnailUrl":"https:\/\/seitenbunt.com\/wp-content\/uploads\/2018\/04\/selbstmachbuch_gruenderin.jpg","datePublished":"2020-10-23T12:36:40+00:00","dateModified":"2020-11-10T13:18:28+00:00","breadcrumb":{"@id":"https:\/\/seitenbunt.com\/en\/firmen\/#breadcrumb"},"inLanguage":"en-US","potentialAction":[{"@type":"ReadAction","target":["https:\/\/seitenbunt.com\/en\/firmen\/"]}]},{"@type":"ImageObject","inLanguage":"en-US","@id":"https:\/\/seitenbunt.com\/en\/firmen\/#primaryimage","url":"https:\/\/seitenbunt.com\/wp-content\/uploads\/2018\/04\/selbstmachbuch_gruenderin.jpg","contentUrl":"https:\/\/seitenbunt.com\/wp-content\/uploads\/2018\/04\/selbstmachbuch_gruenderin.jpg","width":596,"height":397,"caption":"Das kinderleichte Selbstmachbuch. Dein eigenes Buch. Einfach von dir gemacht."},{"@type":"BreadcrumbList","@id":"https:\/\/seitenbunt.com\/en\/firmen\/#breadcrumb","itemListElement":[{"@type":"ListItem","position":1,"name":"Startseite","item":"https:\/\/seitenbunt.com\/en\/"},{"@type":"ListItem","position":2,"name":"B2B"}]},{"@type":"WebSite","@id":"https:\/\/seitenbunt.com\/en\/#website","url":"https:\/\/seitenbunt.com\/en\/","name":"seitenbunt","description":"das kinderleichte selbstmachbuch","publisher":{"@id":"https:\/\/seitenbunt.com\/en\/#organization"},"potentialAction":[{"@type":"SearchAction","target":{"@type":"EntryPoint","urlTemplate":"https:\/\/seitenbunt.com\/en\/?s={search_term_string}"},"query-input":{"@type":"PropertyValueSpecification","valueRequired":true,"valueName":"search_term_string"}}],"inLanguage":"en-US"},{"@type":"Organization","@id":"https:\/\/seitenbunt.com\/en\/#organization","name":"seitenbunt GmbH","url":"https:\/\/seitenbunt.com\/en\/","logo":{"@type":"ImageObject","inLanguage":"en-US","@id":"https:\/\/seitenbunt.com\/en\/#\/schema\/logo\/image\/","url":"https:\/\/seitenbunt.com\/wp-content\/uploads\/2018\/02\/cropped-Seitenbunt_Logo_ohneclaim.png","contentUrl":"https:\/\/seitenbunt.com\/wp-content\/uploads\/2018\/02\/cropped-Seitenbunt_Logo_ohneclaim.png","width":512,"height":512,"caption":"seitenbunt GmbH"},"image":{"@id":"https:\/\/seitenbunt.com\/en\/#\/schema\/logo\/image\/"},"sameAs":["http:\/\/www.facebook.com\/seitenbunt","https:\/\/www.instagram.com\/seitenbunt\/","https:\/\/youtu.be\/QML52j-eRSE"]}]}},"_links":{"self":[{"href":"https:\/\/seitenbunt.com\/en\/wp-json\/wp\/v2\/pages\/13021","targetHints":{"allow":["GET"]}}],"collection":[{"href":"https:\/\/seitenbunt.com\/en\/wp-json\/wp\/v2\/pages"}],"about":[{"href":"https:\/\/seitenbunt.com\/en\/wp-json\/wp\/v2\/types\/page"}],"author":[{"embeddable":true,"href":"https:\/\/seitenbunt.com\/en\/wp-json\/wp\/v2\/users\/1"}],"replies":[{"embeddable":true,"href":"https:\/\/seitenbunt.com\/en\/wp-json\/wp\/v2\/comments?post=13021"}],"version-history":[{"count":13,"href":"https:\/\/seitenbunt.com\/en\/wp-json\/wp\/v2\/pages\/13021\/revisions"}],"predecessor-version":[{"id":13151,"href":"https:\/\/seitenbunt.com\/en\/wp-json\/wp\/v2\/pages\/13021\/revisions\/13151"}],"wp:featuredmedia":[{"embeddable":true,"href":"https:\/\/seitenbunt.com\/en\/wp-json\/wp\/v2\/media\/13016"}],"wp:attachment":[{"href":"https:\/\/seitenbunt.com\/en\/wp-json\/wp\/v2\/media?parent=13021"}],"curies":[{"name":"wp","href":"https:\/\/api.w.org\/{rel}","templated":true}]}}